{"id":9799,"date":"2021-09-14T17:11:05","date_gmt":"2021-09-14T14:11:05","guid":{"rendered":"https:\/\/novostar-hotels.com\/fr\/?page_id=9799"},"modified":"2022-07-20T14:47:59","modified_gmt":"2022-07-20T11:47:59","slug":"history","status":"publish","type":"page","link":"https:\/\/novostar-hotels.com\/fr\/about\/history\/","title":{"rendered":"Notre histoire"},"content":{"rendered":"\n<h3 class=\"has-text-align-center wp-block-heading\">Histoire de Novostar H\u00f4tels: nous avons commenc\u00e9 par un vrai Challenge<\/h3>\n\n\n\n<p><strong>2013. Ouverture de notre premier h\u00f4tel<\/strong><\/p>\n\n\n\n<p>Et c\u2019est arriv\u00e9 le 8 juin 2013 \u00e0 <a href=\"\/fr\/resorts\/sousse\/sousse\/\">Sousse<\/a>.<\/p>\n\n\n\n<p>Bien qu\u2019il ce f\u00fbt un \u00e9v\u00e9nement important, la naissance de Novostar H\u00f4tels est le fruit de plusieurs ann\u00e9es de travail d\u2019une \u00e9quipe de personnes aux vues similaires et des sp\u00e9cialistes dans le domaine des services touristiques en Tunisie.<\/p>\n\n\n\n<p>On peut dire que nous avons commenc\u00e9 non pas en 2013, mais en 2001 &#8212; avec des difficult\u00e9s accrue, \u00abLes Challenges\u00bb. Les voyages VIP, les objectifs les plus inhabituels et les plus chers, Nous ont rendus dignes de confiance plus les autres.<\/p>\n\n\n\n<p>Nous avons essay\u00e9 de ne pas \u00e9chouer!\u00a0\u00c9voluer, construire nos comp\u00e9tences.\u00a0\u00c9largir le cercle des partenaires dans le segment VIP.<\/p>\n\n\n\n<p>En parall\u00e8le, nous avons \u00e9t\u00e9 invit\u00e9s en tant que soci\u00e9t\u00e9 de service pour \u00abBiblio-Globus\u00bb, un grand tour-op\u00e9rateur travaillant dans le march\u00e9 de masse.\u00a0Ensuite, nous avons pens\u00e9 \u00e0 organiser notre propre espace &#8212; celui qui r\u00e9pondra \u00e0 100% nos exigences en mati\u00e8re de qualit\u00e9 des services.\u00a0Et \u00e0 l\u2019hiver 2012-2013, le premier H\u00f4tel Novostar avec 179 chambres a accueilli des invit\u00e9s.<\/p>\n\n\n<div class=\"novostar-single-triple-pic\"><img decoding=\"async\" src=\"\/fr\/wp-content\/uploads\/2021\/09\/image-6.jpg\" alt=\"\"><img decoding=\"async\" src=\"\/fr\/wp-content\/uploads\/2021\/09\/image-11.jpg\" alt=\"\"><img decoding=\"async\" src=\"\/fr\/wp-content\/uploads\/2021\/09\/image-8.jpg\" alt=\"\"><\/div>\n\n\n<p><strong>2014-2015. Novostar H\u00f4tels commencent \u00e0 \u00eatre connus<\/strong><\/p>\n\n\n\n<p>Non seulement connu, notre petit h\u00f4tel trois \u00e9toiles a r\u00e9ussi \u00e0 devenir le num\u00e9ro un chez les plus grandes plates-formes de e-r\u00e9putation pour les voyageurs TripAdvisor et TopHotels, d\u00e9passant m\u00eame des cinq \u00e9toiles!<\/p>\n\n\n\n<p>Nous construisions des comp\u00e9tences en tant qu\u2019h\u00f4tels \u00e0 part enti\u00e8re.\u00a0apprenons les subtilit\u00e9s de cr\u00e9er une atmosph\u00e8re de joie et de confort.\u00a0Appeler le meilleur chef p\u00e2tissier de la r\u00e9gion &#8212; de sorte que nos clients sont non seulement heureux et satisfaits, mais aussi garantir les meilleurs gouts.\u00a0Et l\u2019effort commen\u00e7a \u00e0 porter ses fruits.<\/p>\n\n\n\n<p>Le nom de Novostar est apparu, notre h\u00f4tel est devenu un leader des ventes, et nous avons r\u00e9alis\u00e9 que nous sommes pr\u00eats \u00e0 appliquer nos connaissances, nos comp\u00e9tences et notre exp\u00e9rience plus largement.<\/p>\n\n\n\n<p><\/p>\n\n\n\n<p><strong>2016. Novostar H\u00f4tels ajoute de nouvelles unit\u00e9s<\/strong><\/p>\n\n\n\n<p>Nous avons eu quelques nouveaux h\u00f4tels, et c\u2019\u00e9tait g\u00e9nial!<\/p>\n\n\n\n<p>Novostar h\u00f4tels a int\u00e9gr\u00e9 le luxueux <a href=\"\/fr\/hotels\/khayam-garden\/\">Novostar Khayam Garden Beach &amp; Spa 4*<\/a> \u00e0 Nabeul, qui, gr\u00e2ce \u00e0 nos efforts, a remport\u00e9 une longue liste de prix prestigieux tels que Traveller\u2019s&#8217; Choice de TripAdvisor en 2020.<\/p>\n\n\n\n<p>La famille Novostar comprenait \u00e9galement le <a href=\"\/fr\/hotels\/dar-khayam\/\">Club Novostar Dar Khayam 3*<\/a> et le <a href=\"\/fr\/hotels\/omar-khayam\/\">Club Novostar Omar Khayam Resort &amp; Aqua Park 3*<\/a> &#8212; des h\u00f4tels pour des vacances en famille \u00e0 Hammamet, avec leur propre parc aquatique avec des magnifiques piscines et des toboggans pour les enfants et les adultes.<\/p>\n\n\n\n<p>Novostar a \u00e9galement repris le <a href=\"\/fr\/hotels\/bel-azur\/\">Novostar Bel Azur Thalassa &amp; Bungalows 4*<\/a>, situ\u00e9 aussi \u00e0 <a href=\"\/fr\/resorts\/hammamet\/hammamet\/\">Hammamet<\/a>. \u00c0 l\u2019origine, il s\u2019agissait d\u2019un \u00e9chantillon, mais cette incertitude n\u2019a pas dur\u00e9 longtemps.<\/p>\n\n\n\n<p><\/p>\n\n\n\n<p><strong>2017. Autres membres de la famille Novostar H\u00f4tels<\/strong><\/p>\n\n\n\n<p>Nous gagnons du terrain &#8212; et nous essayons toujours de bien faire notre travail!<\/p>\n\n\n\n<p><a href=\"\/fr\/hotels\/bel-azur\/\">Novostar Bel Azur Thalassa &amp; Bungalows 4*<\/a> \u00e0 Hammamet est devenu un membre permanent de notre famille.\u00a0C\u2019est l\u2019un des h\u00f4tels les plus europ\u00e9ens du r\u00e9seau Novostar, avec un grand nombre de clients anglais, allemands, fran\u00e7ais et d\u2019Europe de l\u2019Est.\u00a0En outre, Novostar Bel Azur Thalassa &amp; Bungalows 4* a acquis la renomm\u00e9e d\u2019un lieu de vacances id\u00e9al pour les passionn\u00e9s de nourriture d\u00e9licieuse et vari\u00e9e &#8212; mais on peut en dire autant d\u2019autres h\u00f4tels.\u00a0La nutrition est une pr\u00e9occupation majeure depuis le d\u00e9but.<\/p>\n\n\n\n<p>Cette ann\u00e9e encore, nous avons rejoint le <a href=\"\/fr\/hotels\/sol-azur\/\">Club Novostar Sol Azur Beach Congres 4*<\/a> \u00e0 Hammamet.\u00a0Un paradis d\u00e9mocratique pour les amateurs de jeux amusants et spectacles incendiaires &#8212; et en m\u00eame temps l\u2019espace le plus pratique pour les vacances en famille.\u00a0Mais ce n\u2019est qu\u2019apr\u00e8s les r\u00e9novations que nous avons obtenus, soigneusement et avec amour, la restauration de cet h\u00f4tel presque \u00e0 partir de ruines.\u00a0Au d\u00e9part, peu de gens croyaient que nous pouvions insuffler une nouvelle vie \u00e0 cet endroit, mais cela a fonctionn\u00e9!\u00a0Nous l\u2019avons fait!\u00a0Ils ont rendu l\u2019h\u00f4tel abandonn\u00e9 au public en seulement six mois.\u00a0Bien s\u00fbr, ce n\u2019\u00e9tait pas facile &#8212; mais \u00e7a en valait la peine.<\/p>\n\n\n<div class=\"novostar-single-triple-pic\"><img decoding=\"async\" src=\"\/fr\/wp-content\/uploads\/2021\/09\/image-15.jpg\" alt=\"\"><img decoding=\"async\" src=\"\/fr\/wp-content\/uploads\/2021\/09\/image-17.jpg\" alt=\"\"><img decoding=\"async\" src=\"\/fr\/wp-content\/uploads\/2021\/09\/image-16.jpg\" alt=\"\"><\/div>\n\n\n<p><strong>2018-2019. Nous \u00e9tions encore de plus en plus<\/strong><\/p>\n\n\n\n<p>Et encore une fois, nous avons accueilli de nouveaux h\u00f4tels dans la famille Novostar.<\/p>\n\n\n\n<p>Un nouveau venu de cette \u00e9poque \u00e9tait <a href=\"\/fr\/hotels\/pyramides\/\">Novostar Budget Pyramides Club &amp; Spa 3*<\/a> situ\u00e9 \u00e0 Nabeul. C\u2019est un h\u00f4tel pour un s\u00e9jour pas cher mais vraiment confortable. Le Novostar Budget Pyramides Club &amp; Spa 3* propose des appartements de 2 et 3 chambres, ce qui en fait un choix id\u00e9al pour les grandes familles ou les groupes d\u2019amis.<\/p>\n\n\n<div class=\"novostar-single-triple-pic\"><img decoding=\"async\" src=\"\/fr\/wp-content\/uploads\/2021\/09\/image-23.jpg\" alt=\"\"><img decoding=\"async\" src=\"\/fr\/wp-content\/uploads\/2021\/09\/image-21.jpg\" alt=\"\"><img decoding=\"async\" src=\"\/fr\/wp-content\/uploads\/2021\/09\/image-22.jpg\" alt=\"\"><\/div>\n\n\n<p><strong>2021. Nouvelle g\u00e9ographie, nouvelles acquisitions<\/strong><\/p>\n\n\n\n<p>Novostar H\u00f4tels est l\u2019une des plus grandes cha\u00eenes h\u00f4teli\u00e8res de Tunisie!<\/p>\n\n\n\n<p>Cette ann\u00e9e, la famille de nos h\u00f4tels s\u2019\u00e9largit de nouveau. Apr\u00e8s Hammamet et Nabeul, Sousse a \u00e9t\u00e9 ajout\u00e9e.<\/p>\n\n\n\n<p>Novostar Hotels were joined by <a href=\"\/fr\/hotels\/houda\/\">Novostar Houda Golf Beach &amp; Aquapark 3*<\/a> in <a href=\"\/fr\/resorts\/monastir\/monastir\/\">Monastir<\/a>, <a href=\"\/fr\/hotels\/\">Novostar Royal Beach 3*<\/a> in Sousse and <a href=\"\/fr\/hotels\/\">Novostar Vincci Marillia 4*<\/a> in Hammamet, which is a collaboration of two leading brands \u2013 Novostar and Vincci, a famous Spanish chain offering accommodation in more than thirty hotels all over the world.<\/p>\n\n\n\n<p><\/p>\n\n\n\n<p><strong>Aujourd\u2019hui.\u00a0Nous Regardons l\u2019avenir avec espoir<\/strong><\/p>\n\n\n\n<p>Nous continuons \u00e0 faire tout notre possible pour recevoir nos clients au plus haut niveau.\u00a0Les sp\u00e9cialistes de Novostar H\u00f4tels ont plus que suffisamment de comp\u00e9tences et d\u2019exp\u00e9rience.<\/p>\n\n\n\n<p>\u00c9quipes d\u2019animation internationales, atmosph\u00e8re russe pour une communication facile et accessible, centres de Thalasso avec des programmes de sant\u00e9 distingu\u00e9, plages bien \u00e9quip\u00e9es et piscines, restaurants avec cuisine pour tous les go\u00fbts,\u00a0 et ce n\u2019est pas la liste compl\u00e8te de ce que vous pouvez trouver dans nos h\u00f4tels.<\/p>\n\n\n\n<p>Nous prenons en compte les particularit\u00e9s, les habitudes et les souhaits des Clients qui nous reviennent d\u2019ann\u00e9e en ann\u00e9e &#8212; et nous sommes toujours heureux de rencontrer de vieux et de nouveaux amis!<\/p>\n","protected":false},"excerpt":{"rendered":"<p>Histoire de Novostar H\u00f4tels: nous avons commenc\u00e9 par un vrai Challenge 2013. Ouverture de notre premier h\u00f4tel Et c\u2019est arriv\u00e9 <a href=\"https:\/\/novostar-hotels.com\/fr\/about\/history\/\" class=\"archive-item-detail\">More&#8230;<\/a><\/p>\n","protected":false},"author":1,"featured_media":9835,"parent":9,"menu_order":0,"comment_status":"closed","ping_status":"closed","template":"","meta":{"footnotes":""},"class_list":["post-9799","page","type-page","status-publish","has-post-thumbnail","hentry"],"_links":{"self":[{"href":"https:\/\/novostar-hotels.com\/fr\/wp-json\/wp\/v2\/pages\/9799","targetHints":{"allow":["GET"]}}],"collection":[{"href":"https:\/\/novostar-hotels.com\/fr\/wp-json\/wp\/v2\/pages"}],"about":[{"href":"https:\/\/novostar-hotels.com\/fr\/wp-json\/wp\/v2\/types\/page"}],"author":[{"embeddable":true,"href":"https:\/\/novostar-hotels.com\/fr\/wp-json\/wp\/v2\/users\/1"}],"replies":[{"embeddable":true,"href":"https:\/\/novostar-hotels.com\/fr\/wp-json\/wp\/v2\/comments?post=9799"}],"version-history":[{"count":15,"href":"https:\/\/novostar-hotels.com\/fr\/wp-json\/wp\/v2\/pages\/9799\/revisions"}],"predecessor-version":[{"id":10526,"href":"https:\/\/novostar-hotels.com\/fr\/wp-json\/wp\/v2\/pages\/9799\/revisions\/10526"}],"up":[{"embeddable":true,"href":"https:\/\/novostar-hotels.com\/fr\/wp-json\/wp\/v2\/pages\/9"}],"wp:featuredmedia":[{"embeddable":true,"href":"https:\/\/novostar-hotels.com\/fr\/wp-json\/wp\/v2\/media\/9835"}],"wp:attachment":[{"href":"https:\/\/novostar-hotels.com\/fr\/wp-json\/wp\/v2\/media?parent=9799"}],"curies":[{"name":"wp","href":"https:\/\/api.w.org\/{rel}","templated":true}]}}