{"id":9804,"date":"2021-09-14T17:15:09","date_gmt":"2021-09-14T14:15:09","guid":{"rendered":"https:\/\/novostar-hotels.com\/fr\/?page_id=9804"},"modified":"2022-07-20T18:13:18","modified_gmt":"2022-07-20T15:13:18","slug":"contact","status":"publish","type":"page","link":"https:\/\/novostar-hotels.com\/fr\/about\/contact\/","title":{"rendered":"Nos contacts"},"content":{"rendered":"<h2>Contacts<\/h2>\n<div class=\"cont-blocks\">\n<div class=\"cont-left\"><a class=\"cont-link\" href=\"mailto:contact@novostar-hotels.com\"><img decoding=\"async\" style=\"display: inline; margin: 0 15px 0 0;\" src=\"\/wp-content\/themes\/novostar\/assets\/img\/email.svg\" alt=\"\" \/> contact@novostar-hotels.com<\/a><\/div>\n<div class=\"cont-right\"><!--<a href=\"tel:+71234567890\" class=\"cont-link\"><img decoding=\"async\" src=\"\/wp-content\/themes\/novostar\/assets\/img\/phone-call.svg\" alt=\"\" style=\"display: inline; margin: 0 15px 0 0\"> <span>+71234567890<\/span><\/a>--><\/div>\n<\/div>\n<h3>Repr\u00e9sentant officiel<\/h3>\n<div class=\"cont-blocks\">\n<div class=\"cont-left\">\n<div class=\"cont-name\">Alla Filimonova<\/div>\n<div class=\"cont-text\">Pour les partenaires B2B \u2013 les questions des agents de voyages concernant la participation \u00e0 des visites promotionnelles, nos s\u00e9minaires traditionnels et petits d\u00e9jeuners d\u2019affaires, la commande et la livraison de catalogues, etc.<\/div>\n<p><a class=\"cont-link\" href=\"mailto:a.filimonova@novostar-hotels.com\"><img decoding=\"async\" style=\"display: inline; margin: 0 15px 0 0;\" src=\"\/wp-content\/themes\/novostar\/assets\/img\/email.svg\" alt=\"\" \/> a.filimonova@novostar-hotels.com<\/a><\/p>\n<\/div>\n<div class=\"cont-right\">\n<div class=\"cont-name\">Anna Kulik<\/div>\n<div class=\"cont-text\">For B2C clients: questions from tourists regarding the choice of a tour and its cost.<\/div>\n<p><a class=\"cont-link\" href=\"mailto:a.kulik@novostar-hotels.com\"><img decoding=\"async\" style=\"display: inline; margin: 0 15px 0 0;\" src=\"\/wp-content\/themes\/novostar\/assets\/img\/email.svg\" alt=\"\" \/> a.kulik@novostar-hotels.com<\/a><\/p>\n<\/div>\n<\/div>\n","protected":false},"excerpt":{"rendered":"<p>Contacts contact@novostar-hotels.com Repr\u00e9sentant officiel Alla Filimonova Pour les partenaires B2B \u2013 les questions des agents de voyages concernant la participation <a href=\"https:\/\/novostar-hotels.com\/fr\/about\/contact\/\" class=\"archive-item-detail\">More&#8230;<\/a><\/p>\n","protected":false},"author":1,"featured_media":0,"parent":9,"menu_order":0,"comment_status":"closed","ping_status":"closed","template":"","meta":{"footnotes":""},"class_list":["post-9804","page","type-page","status-publish","hentry"],"_links":{"self":[{"href":"https:\/\/novostar-hotels.com\/fr\/wp-json\/wp\/v2\/pages\/9804","targetHints":{"allow":["GET"]}}],"collection":[{"href":"https:\/\/novostar-hotels.com\/fr\/wp-json\/wp\/v2\/pages"}],"about":[{"href":"https:\/\/novostar-hotels.com\/fr\/wp-json\/wp\/v2\/types\/page"}],"author":[{"embeddable":true,"href":"https:\/\/novostar-hotels.com\/fr\/wp-json\/wp\/v2\/users\/1"}],"replies":[{"embeddable":true,"href":"https:\/\/novostar-hotels.com\/fr\/wp-json\/wp\/v2\/comments?post=9804"}],"version-history":[{"count":17,"href":"https:\/\/novostar-hotels.com\/fr\/wp-json\/wp\/v2\/pages\/9804\/revisions"}],"predecessor-version":[{"id":10527,"href":"https:\/\/novostar-hotels.com\/fr\/wp-json\/wp\/v2\/pages\/9804\/revisions\/10527"}],"up":[{"embeddable":true,"href":"https:\/\/novostar-hotels.com\/fr\/wp-json\/wp\/v2\/pages\/9"}],"wp:attachment":[{"href":"https:\/\/novostar-hotels.com\/fr\/wp-json\/wp\/v2\/media?parent=9804"}],"curies":[{"name":"wp","href":"https:\/\/api.w.org\/{rel}","templated":true}]}}